{"id":795,"date":"2026-04-10T21:23:05","date_gmt":"2026-04-11T00:23:05","guid":{"rendered":"https:\/\/delaet.com.br\/pt_br\/loja\/produto\/controlador-umidade-daddario-humidipak-maintain-pw-hpk-01-f035\/"},"modified":"2026-04-13T11:14:13","modified_gmt":"2026-04-13T14:14:13","slug":"controlador-umidade-daddario-humidipak-maintain-pw-hpk-01-f035","status":"publish","type":"product","link":"https:\/\/delaet.com.br\/pt_br\/loja\/produto\/controlador-umidade-daddario-humidipak-maintain-pw-hpk-01-f035\/","title":{"rendered":"Controlador Umidade D\u00b4Addario Humidipak Maintain PW-HPK-01"},"content":{"rendered":"<p>O DAddario Humidipak \u00e9 o \u00fanico sistema de controle de umidade bidirecional sem manuten\u00e7\u00e3o para guitarra ac\u00fastica, semi ac\u00fastica e viol\u00e3o. Ele mant\u00e9m automaticamente o n\u00edvel ideal de umidade relativa entre 45%-50% dentro do estojo do seu instrumento, eliminando as suposi\u00e7\u00f5es e a bagun\u00e7a potencial de reabastecer um umidificador. N\u00e3o h\u00e1 mais necessidade de ajustes manuais baseados em mudan\u00e7as sazonais, localiza\u00e7\u00f5es geogr\u00e1ficas, temperatura ou outros fatores. Observa\u00e7\u00e3o: O Humidipak foi projetado para restaurar e manter a umidade do instrumento. Este produto n\u00e3o \u00e9 destinado \u00e0 desumidifica\u00e7\u00e3o em ambientes com alta umidade. Se o seu instrumento n\u00e3o foi previamente umidificado ou est\u00e1 em uma condi\u00e7\u00e3o seca conhecida, \u00e9 recomendado usar o Humidipak Restore para restabelecer de forma segura o n\u00edvel adequado de umidade para o seu instrumento e seu estojo antes de usar o Sistema Humidipak Maintain. Usar os pacotes Maintain em um instrumento\/estojo seco reduzir\u00e1 consideravelmente a vida \u00fatil dos pacotes.  &#8211; O \u00fanico sistema de controle de umidade bidirecional sem manuten\u00e7\u00e3o para guitarra ac\u00fastica, semi ac\u00fastica e viol\u00e3o.  &#8211; Mant\u00e9m automaticamente o n\u00edvel ideal de umidade relativa entre 45-50% dentro do estojo do seu instrumento, adicionando ou retirando umidade conforme necess\u00e1rio.  &#8211; Os pacotes duram entre 2-6 meses e devem sempre ser mantidos em um estojo selado.  &#8211; O que \u00e9 o controle de umidade bidirecional? O controle de umidade bidirecional funciona respondendo continuamente \u00e0 temperatura e ao clima externo, adicionando ou removendo umidade conforme necess\u00e1rio para manter a umidade relativa dentro da bolsa Reed Vitalizer.?<\/p>\n<p> Condi\u00e7\u00e3o do item:Novo<br \/> Fonte do Produto:Importado<br \/> G\u00eanero:Unissex<br \/> Instrumento recomendado:Guitarra Ac\u00fastica, Semi-Ac\u00fastica e Viol\u00e3o<br \/> Origem:Estados Unidos<br \/> Unidades por Embalagem:1<br \/> \u00c9 Kit:Sim<br \/> SKU:017360<\/p>\n<p><\/p>\n","protected":false},"excerpt":{"rendered":"<p>O DAddario Humidipak \u00e9 o \u00fanico sistema de controle de umidade bidirecional sem manuten\u00e7\u00e3o para guitarra ac\u00fastica, semi ac\u00fastica e viol\u00e3o. Ele mant\u00e9m automaticamente o n\u00edvel ideal de umidade relativa entre 45%-50% dentro do estojo do seu instrumento, eliminando as suposi\u00e7\u00f5es e a bagun\u00e7a potencial de reabastecer um umidificador. N\u00e3o h\u00e1 mais necessidade de ajustes [&hellip;]<\/p>\n","protected":false},"featured_media":2510,"comment_status":"open","ping_status":"closed","template":"","meta":{"om_disable_all_campaigns":false,"jetpack_publicize_message":"","jetpack_publicize_feature_enabled":true,"jetpack_social_post_already_shared":false,"jetpack_social_options":{"image_generator_settings":{"template":"highway","default_image_id":0,"font":"","enabled":false},"version":2}},"product_brand":[160],"product_cat":[207,161],"product_tag":[714,715],"class_list":{"0":"post-795","1":"product","2":"type-product","3":"status-publish","4":"has-post-thumbnail","6":"product_brand-daddario","7":"product_cat-acusticos","8":"product_cat-controladores-de-umidade-e-umidificadores","9":"product_tag-controlador-umidade","10":"product_tag-humidipak","12":"first","13":"instock","14":"shipping-taxable","15":"purchasable","16":"product-type-simple"},"aioseo_notices":[],"jetpack_publicize_connections":[],"jetpack_sharing_enabled":true,"_links":{"self":[{"href":"https:\/\/delaet.com.br\/pt_br\/wp-json\/wp\/v2\/product\/795","targetHints":{"allow":["GET"]}}],"collection":[{"href":"https:\/\/delaet.com.br\/pt_br\/wp-json\/wp\/v2\/product"}],"about":[{"href":"https:\/\/delaet.com.br\/pt_br\/wp-json\/wp\/v2\/types\/product"}],"replies":[{"embeddable":true,"href":"https:\/\/delaet.com.br\/pt_br\/wp-json\/wp\/v2\/comments?post=795"}],"wp:featuredmedia":[{"embeddable":true,"href":"https:\/\/delaet.com.br\/pt_br\/wp-json\/wp\/v2\/media\/2510"}],"wp:attachment":[{"href":"https:\/\/delaet.com.br\/pt_br\/wp-json\/wp\/v2\/media?parent=795"}],"wp:term":[{"taxonomy":"product_brand","embeddable":true,"href":"https:\/\/delaet.com.br\/pt_br\/wp-json\/wp\/v2\/product_brand?post=795"},{"taxonomy":"product_cat","embeddable":true,"href":"https:\/\/delaet.com.br\/pt_br\/wp-json\/wp\/v2\/product_cat?post=795"},{"taxonomy":"product_tag","embeddable":true,"href":"https:\/\/delaet.com.br\/pt_br\/wp-json\/wp\/v2\/product_tag?post=795"}],"curies":[{"name":"wp","href":"https:\/\/api.w.org\/{rel}","templated":true}]}}