{"id":917,"date":"2026-04-11T23:40:19","date_gmt":"2026-04-12T02:40:19","guid":{"rendered":"https:\/\/delaet.com.br\/pt_br\/loja\/produto\/adaptador-p10-macho-mono-em-linha-d-addario-pw-p047b-f035\/"},"modified":"2026-04-13T11:07:54","modified_gmt":"2026-04-13T14:07:54","slug":"adaptador-p10-macho-mono-em-linha-d-addario-pw-p047b-f035","status":"publish","type":"product","link":"https:\/\/delaet.com.br\/pt_br\/loja\/produto\/adaptador-p10-macho-mono-em-linha-d-addario-pw-p047b-f035\/","title":{"rendered":"Adaptador P10 Macho Mono Em Linha D\u00b4Addario PW-P047B"},"content":{"rendered":"<p>Adaptadores de Acoplagem D Addario PW-P047B: adaptador P10 Macho Mono em S. <\/p>\n<p>Origem:Taiwan<br \/>Cor:Preto\/Dourado<br \/>Unidades por Embalagem:1<br \/>G\u00eanero:Unissex<br \/>Conector de entrada:P10<br \/>Conector de sa\u00edda:P10<br \/>Quantidade de conectores de entrada:1<br \/>Quantidade de conectores de sa\u00edda:1<\/p>\n<p><\/p>\n","protected":false},"excerpt":{"rendered":"<p>Adaptadores de Acoplagem D Addario PW-P047B: adaptador P10 Macho Mono em S. Origem:TaiwanCor:Preto\/DouradoUnidades por Embalagem:1G\u00eanero:UnissexConector de entrada:P10Conector de sa\u00edda:P10Quantidade de conectores de entrada:1Quantidade de conectores de sa\u00edda:1<\/p>\n","protected":false},"featured_media":2298,"comment_status":"open","ping_status":"closed","template":"","meta":{"om_disable_all_campaigns":false,"jetpack_publicize_message":"","jetpack_publicize_feature_enabled":true,"jetpack_social_post_already_shared":false,"jetpack_social_options":{"image_generator_settings":{"template":"highway","default_image_id":0,"font":"","enabled":false},"version":2}},"product_brand":[160],"product_cat":[96,97,499],"product_tag":[573,711,710],"class_list":{"0":"post-917","1":"product","2":"type-product","3":"status-publish","4":"has-post-thumbnail","6":"product_brand-daddario","7":"product_cat-acessorios","8":"product_cat-cabos","9":"product_cat-pedal","10":"product_tag-adaptador-p10","11":"product_tag-conector-de-pedais","12":"product_tag-interligacao-de-pedal","14":"first","15":"instock","16":"shipping-taxable","17":"purchasable","18":"product-type-simple"},"aioseo_notices":[],"jetpack_publicize_connections":[],"jetpack_sharing_enabled":true,"_links":{"self":[{"href":"https:\/\/delaet.com.br\/pt_br\/wp-json\/wp\/v2\/product\/917","targetHints":{"allow":["GET"]}}],"collection":[{"href":"https:\/\/delaet.com.br\/pt_br\/wp-json\/wp\/v2\/product"}],"about":[{"href":"https:\/\/delaet.com.br\/pt_br\/wp-json\/wp\/v2\/types\/product"}],"replies":[{"embeddable":true,"href":"https:\/\/delaet.com.br\/pt_br\/wp-json\/wp\/v2\/comments?post=917"}],"wp:featuredmedia":[{"embeddable":true,"href":"https:\/\/delaet.com.br\/pt_br\/wp-json\/wp\/v2\/media\/2298"}],"wp:attachment":[{"href":"https:\/\/delaet.com.br\/pt_br\/wp-json\/wp\/v2\/media?parent=917"}],"wp:term":[{"taxonomy":"product_brand","embeddable":true,"href":"https:\/\/delaet.com.br\/pt_br\/wp-json\/wp\/v2\/product_brand?post=917"},{"taxonomy":"product_cat","embeddable":true,"href":"https:\/\/delaet.com.br\/pt_br\/wp-json\/wp\/v2\/product_cat?post=917"},{"taxonomy":"product_tag","embeddable":true,"href":"https:\/\/delaet.com.br\/pt_br\/wp-json\/wp\/v2\/product_tag?post=917"}],"curies":[{"name":"wp","href":"https:\/\/api.w.org\/{rel}","templated":true}]}}