{"id":973,"date":"2026-04-11T23:43:01","date_gmt":"2026-04-12T02:43:01","guid":{"rendered":"https:\/\/delaet.com.br\/pt_br\/loja\/produto\/afinador-para-viola-de-arco-preto-wittner-911044-f035\/"},"modified":"2026-04-13T11:05:14","modified_gmt":"2026-04-13T14:05:14","slug":"afinador-para-viola-de-arco-preto-wittner-911044-f035","status":"publish","type":"product","link":"https:\/\/delaet.com.br\/pt_br\/loja\/produto\/afinador-para-viola-de-arco-preto-wittner-911044-f035\/","title":{"rendered":"Afinador Para Viola De Arco Preto Wittner 911044"},"content":{"rendered":"<p>Os micros afinadores Wittner s\u00e3o simplesmente os melhores do mercado. Feito na Alemanha com \u00f3tima precis\u00e3o e qualidade. Ideal para quem quer facilidade em afinar sua viola de arco sem ter ru\u00eddos indesej\u00e1veis ou danos \u00e0s cordas ou instrumento.<\/p>\n<p>Acess\u00f3rio utilizado para efetuar a micro regulagem e ajustes de afina\u00e7\u00e3o nas cordas do instrumento, afina\u00e7\u00e3o mais precisa, pode ser utilizado nas 4 cordas.<\/p>\n<p>Material:Metal<br \/> SKU:007003<br \/> Tipo de afinador:N\/A<\/p>\n<p> Instrumento Recomendado:Violino<br \/> \u00c9 kit:N\u00e3o<br \/> Com tela:N\u00e3o<br \/> C\u00f3digo Universal do Produto:4008687915910<br \/> Condi\u00e7\u00e3o:Novo<br \/> MPN:915916<br \/> Frequ\u00eancia m\u00ednima:N\/A<br \/> Formato do afinador:N\/A<br \/> Origem:Alemanha<br \/> Frequ\u00eancia m\u00e1xima:N\/A<br \/> Marca:Wittner<br \/> Linha:Arco e Acess\u00f3rios<br \/> Modelo:915916<br \/> Cor:N\/A<br \/> Unidades por Embalagem:1<br \/> G\u00eanero:Unissex<\/p>\n<p><\/p>\n","protected":false},"excerpt":{"rendered":"<p>Os micros afinadores Wittner s\u00e3o simplesmente os melhores do mercado. Feito na Alemanha com \u00f3tima precis\u00e3o e qualidade. Ideal para quem quer facilidade em afinar sua viola de arco sem ter ru\u00eddos indesej\u00e1veis ou danos \u00e0s cordas ou instrumento. Acess\u00f3rio utilizado para efetuar a micro regulagem e ajustes de afina\u00e7\u00e3o nas cordas do instrumento, afina\u00e7\u00e3o [&hellip;]<\/p>\n","protected":false},"featured_media":2353,"comment_status":"open","ping_status":"closed","template":"","meta":{"om_disable_all_campaigns":false,"jetpack_publicize_message":"","jetpack_publicize_feature_enabled":true,"jetpack_social_post_already_shared":false,"jetpack_social_options":{"image_generator_settings":{"template":"highway","default_image_id":0,"font":"","enabled":false},"version":2}},"product_brand":[174],"product_cat":[210,238],"product_tag":[707,705,704],"class_list":{"0":"post-973","1":"product","2":"type-product","3":"status-publish","4":"has-post-thumbnail","6":"product_brand-wittner","7":"product_cat-friccionadas","8":"product_cat-outros-friccionadas","9":"product_tag-afinador-viola-de-arco","10":"product_tag-micro-afinacao","11":"product_tag-micro-afinador","13":"first","14":"instock","15":"shipping-taxable","16":"purchasable","17":"product-type-simple"},"aioseo_notices":[],"jetpack_publicize_connections":[],"jetpack_sharing_enabled":true,"_links":{"self":[{"href":"https:\/\/delaet.com.br\/pt_br\/wp-json\/wp\/v2\/product\/973","targetHints":{"allow":["GET"]}}],"collection":[{"href":"https:\/\/delaet.com.br\/pt_br\/wp-json\/wp\/v2\/product"}],"about":[{"href":"https:\/\/delaet.com.br\/pt_br\/wp-json\/wp\/v2\/types\/product"}],"replies":[{"embeddable":true,"href":"https:\/\/delaet.com.br\/pt_br\/wp-json\/wp\/v2\/comments?post=973"}],"wp:featuredmedia":[{"embeddable":true,"href":"https:\/\/delaet.com.br\/pt_br\/wp-json\/wp\/v2\/media\/2353"}],"wp:attachment":[{"href":"https:\/\/delaet.com.br\/pt_br\/wp-json\/wp\/v2\/media?parent=973"}],"wp:term":[{"taxonomy":"product_brand","embeddable":true,"href":"https:\/\/delaet.com.br\/pt_br\/wp-json\/wp\/v2\/product_brand?post=973"},{"taxonomy":"product_cat","embeddable":true,"href":"https:\/\/delaet.com.br\/pt_br\/wp-json\/wp\/v2\/product_cat?post=973"},{"taxonomy":"product_tag","embeddable":true,"href":"https:\/\/delaet.com.br\/pt_br\/wp-json\/wp\/v2\/product_tag?post=973"}],"curies":[{"name":"wp","href":"https:\/\/api.w.org\/{rel}","templated":true}]}}