{"id":978,"date":"2026-04-11T23:43:24","date_gmt":"2026-04-12T02:43:24","guid":{"rendered":"https:\/\/delaet.com.br\/pt_br\/loja\/produto\/afinador-para-violino-4-4-3-4-modelo-ingles-preto-wittner-906044-f035\/"},"modified":"2026-04-13T11:03:32","modified_gmt":"2026-04-13T14:03:32","slug":"afinador-para-violino-4-4-3-4-modelo-ingles-preto-wittner-906044-f035","status":"publish","type":"product","link":"https:\/\/delaet.com.br\/pt_br\/loja\/produto\/afinador-para-violino-4-4-3-4-modelo-ingles-preto-wittner-906044-f035\/","title":{"rendered":"Afinador Para Violino 4\/4 &#8211; 3\/4 Modelo Ingl\u00eas Preto Wittner 906044 [F035]"},"content":{"rendered":"<p>Micro afinador para Violino 4\/4 &#8211; 3\/4, modelo Ingl\u00eas, acabamento em Preto &#8211; Wittner 906044.<\/p>\n<p>Material:Metal<br \/> SKU:006363<br \/> Tipo de afinador:Fixo<\/p>\n<p> Instrumento Recomendado:Violino<br \/> \u00c9 kit:N\u00e3o<br \/> Com tela:N\u00e3o<br \/> C\u00f3digo Universal do Produto:007007<br \/> Condi\u00e7\u00e3o:Novo<br \/> MPN:9023<br \/> Frequ\u00eancia m\u00ednima:N\/A<br \/> Formato do afinador:Micro<br \/> Origem:Alemanha<br \/> Frequ\u00eancia m\u00e1xima:N\/A<br \/> Marca:Wittner<br \/> Linha:Arco e Acess\u00f3rios<br \/> Modelo:9023<br \/> Cor:Preto<br \/> Unidades por Embalagem:1<br \/> G\u00eanero:Unissex<\/p>\n<p><\/p>\n","protected":false},"excerpt":{"rendered":"<p>Micro afinador para Violino 4\/4 &#8211; 3\/4, modelo Ingl\u00eas, acabamento em Preto &#8211; Wittner 906044. Material:Metal SKU:006363 Tipo de afinador:Fixo Instrumento Recomendado:Violino \u00c9 kit:N\u00e3o Com tela:N\u00e3o C\u00f3digo Universal do Produto:007007 Condi\u00e7\u00e3o:Novo MPN:9023 Frequ\u00eancia m\u00ednima:N\/A Formato do afinador:Micro Origem:Alemanha Frequ\u00eancia m\u00e1xima:N\/A Marca:Wittner Linha:Arco e Acess\u00f3rios Modelo:9023 Cor:Preto Unidades por Embalagem:1 G\u00eanero:Unissex<\/p>\n","protected":false},"featured_media":2355,"comment_status":"open","ping_status":"closed","template":"","meta":{"om_disable_all_campaigns":false,"jetpack_publicize_message":"","jetpack_publicize_feature_enabled":true,"jetpack_social_post_already_shared":false,"jetpack_social_options":{"image_generator_settings":{"template":"highway","default_image_id":0,"font":"","enabled":false},"version":2}},"product_brand":[174],"product_cat":[210,238],"product_tag":[706,705,704],"class_list":{"0":"post-978","1":"product","2":"type-product","3":"status-publish","4":"has-post-thumbnail","6":"product_brand-wittner","7":"product_cat-friccionadas","8":"product_cat-outros-friccionadas","9":"product_tag-afinador-violino","10":"product_tag-micro-afinacao","11":"product_tag-micro-afinador","13":"first","14":"instock","15":"shipping-taxable","16":"purchasable","17":"product-type-simple"},"aioseo_notices":[],"jetpack_publicize_connections":[],"jetpack_sharing_enabled":true,"_links":{"self":[{"href":"https:\/\/delaet.com.br\/pt_br\/wp-json\/wp\/v2\/product\/978","targetHints":{"allow":["GET"]}}],"collection":[{"href":"https:\/\/delaet.com.br\/pt_br\/wp-json\/wp\/v2\/product"}],"about":[{"href":"https:\/\/delaet.com.br\/pt_br\/wp-json\/wp\/v2\/types\/product"}],"replies":[{"embeddable":true,"href":"https:\/\/delaet.com.br\/pt_br\/wp-json\/wp\/v2\/comments?post=978"}],"wp:featuredmedia":[{"embeddable":true,"href":"https:\/\/delaet.com.br\/pt_br\/wp-json\/wp\/v2\/media\/2355"}],"wp:attachment":[{"href":"https:\/\/delaet.com.br\/pt_br\/wp-json\/wp\/v2\/media?parent=978"}],"wp:term":[{"taxonomy":"product_brand","embeddable":true,"href":"https:\/\/delaet.com.br\/pt_br\/wp-json\/wp\/v2\/product_brand?post=978"},{"taxonomy":"product_cat","embeddable":true,"href":"https:\/\/delaet.com.br\/pt_br\/wp-json\/wp\/v2\/product_cat?post=978"},{"taxonomy":"product_tag","embeddable":true,"href":"https:\/\/delaet.com.br\/pt_br\/wp-json\/wp\/v2\/product_tag?post=978"}],"curies":[{"name":"wp","href":"https:\/\/api.w.org\/{rel}","templated":true}]}}