{"id":992,"date":"2026-04-11T23:44:14","date_gmt":"2026-04-12T02:44:14","guid":{"rendered":"https:\/\/delaet.com.br\/pt_br\/loja\/produto\/apoio-de-espigao-preto-daddario-epa-bk-f035\/"},"modified":"2026-04-13T10:58:34","modified_gmt":"2026-04-13T13:58:34","slug":"apoio-de-espigao-preto-daddario-epa-bk-f035","status":"publish","type":"product","link":"https:\/\/delaet.com.br\/pt_br\/loja\/produto\/apoio-de-espigao-preto-daddario-epa-bk-f035\/","title":{"rendered":"Apoio De Espig\u00e3o Preto D\u00b4Addario EPA-BK"},"content":{"rendered":"<p>Mantenha sua performance em seguran\u00e7a com o DAddario Endpin Anchor para violoncelo e contrabaixo ac\u00fastico. O Endpin Anchor previne movimentos indesej\u00e1veis do instrumento no contato com o ch\u00e3o, e os deslizes que isso possa causar, ao mesmo tempo em que protege o piso onde o instrumento \u00e9 apoiado. Compacto e f\u00e1cil de guardar, o D Addario Endpin Anchor foi desenvolvido para suportar o peso de instrumentos orquestrais de grande porte como violoncelos e\/ou contrabaixos ac\u00fasticos, garantindo que sua performance fique sempre no seu devido lugar.<\/p>\n<p>&#8211; Recomendado tanto para violoncelos quanto para contrabaixos ac\u00fasticos.<br \/>\n&#8211; Altamente eficaz para manter a estabilidade do instrumento durante a performance.<br \/>\n&#8211; Constru\u00eddo com borracha altamente resistente para prote\u00e7\u00e3o de pisos e do instrumento.<br \/>\n&#8211; Design texturizado potencializa ainda mais a ader\u00eancia e a estabilidade.<\/p>\n<p> Condi\u00e7\u00e3o do item:Novo<br \/> Fonte do Produto:Importado<br \/> G\u00eanero:Unissex<br \/> Instrumento recomendado:Violoncelo\/Contrabaixo Ac\u00fastico<br \/> C\u00f3digo Universal do Produto:019954366261<br \/> \u00c9 kit:N\u00e3o<br \/> Linha:Utilit\u00e1rios<br \/> Marca:DAddario Orchestral<br \/> Material:Borracha<br \/> Modelo:EPA-BK<br \/> Origem:Estados Unidos<br \/> SKU:039029<br \/> Tamanhos Compat\u00edveis:N\/A<br \/> Unidades por embalagem:1<\/p>\n<p><\/p>\n","protected":false},"excerpt":{"rendered":"<p>Mantenha sua performance em seguran\u00e7a com o DAddario Endpin Anchor para violoncelo e contrabaixo ac\u00fastico. O Endpin Anchor previne movimentos indesej\u00e1veis do instrumento no contato com o ch\u00e3o, e os deslizes que isso possa causar, ao mesmo tempo em que protege o piso onde o instrumento \u00e9 apoiado. Compacto e f\u00e1cil de guardar, o D [&hellip;]<\/p>\n","protected":false},"featured_media":2363,"comment_status":"open","ping_status":"closed","template":"","meta":{"om_disable_all_campaigns":false,"jetpack_publicize_message":"","jetpack_publicize_feature_enabled":true,"jetpack_social_post_already_shared":false,"jetpack_social_options":{"image_generator_settings":{"template":"highway","default_image_id":0,"font":"","enabled":false},"version":2}},"product_brand":[160],"product_cat":[226,210],"product_tag":[699],"class_list":{"0":"post-992","1":"product","2":"type-product","3":"status-publish","4":"has-post-thumbnail","6":"product_brand-daddario","7":"product_cat-espigao","8":"product_cat-friccionadas","9":"product_tag-apoio-de-espigao","11":"first","12":"instock","13":"shipping-taxable","14":"purchasable","15":"product-type-simple"},"aioseo_notices":[],"jetpack_publicize_connections":[],"jetpack_sharing_enabled":true,"_links":{"self":[{"href":"https:\/\/delaet.com.br\/pt_br\/wp-json\/wp\/v2\/product\/992","targetHints":{"allow":["GET"]}}],"collection":[{"href":"https:\/\/delaet.com.br\/pt_br\/wp-json\/wp\/v2\/product"}],"about":[{"href":"https:\/\/delaet.com.br\/pt_br\/wp-json\/wp\/v2\/types\/product"}],"replies":[{"embeddable":true,"href":"https:\/\/delaet.com.br\/pt_br\/wp-json\/wp\/v2\/comments?post=992"}],"wp:featuredmedia":[{"embeddable":true,"href":"https:\/\/delaet.com.br\/pt_br\/wp-json\/wp\/v2\/media\/2363"}],"wp:attachment":[{"href":"https:\/\/delaet.com.br\/pt_br\/wp-json\/wp\/v2\/media?parent=992"}],"wp:term":[{"taxonomy":"product_brand","embeddable":true,"href":"https:\/\/delaet.com.br\/pt_br\/wp-json\/wp\/v2\/product_brand?post=992"},{"taxonomy":"product_cat","embeddable":true,"href":"https:\/\/delaet.com.br\/pt_br\/wp-json\/wp\/v2\/product_cat?post=992"},{"taxonomy":"product_tag","embeddable":true,"href":"https:\/\/delaet.com.br\/pt_br\/wp-json\/wp\/v2\/product_tag?post=992"}],"curies":[{"name":"wp","href":"https:\/\/api.w.org\/{rel}","templated":true}]}}